{"id":457,"date":"2024-11-09T15:09:40","date_gmt":"2024-11-09T15:09:40","guid":{"rendered":"https:\/\/gamegineacademy.com\/?page_id=457"},"modified":"2024-11-09T15:09:40","modified_gmt":"2024-11-09T15:09:40","slug":"cerez-kullanimi","status":"publish","type":"page","link":"https:\/\/gamegineacademy.com\/en\/cerez-kullanimi\/","title":{"rendered":"Use of Cookies"},"content":{"rendered":"<p><strong>Use of Cookies<\/strong><\/p>\n<p>\u2060\u2060\u2060\u2060\u2060\u2060\u2060www. gamegineacademy.com Hizmet Veren\u2019e ait olan www. gamegineacademy.com web sitesi \u00e7erez (cookie) kullanan bir sitedir. \u00c7erez; kullan\u0131lmakta olan cihaz\u0131n internet taray\u0131c\u0131s\u0131na ya da sabit diskine depolanarak s\u00f6z konusu cihaz\u0131n tespit edilmesine olanak tan\u0131yan, \u00e7o\u011funlukla harf ve say\u0131lardan olu\u015fan bir dosyad\u0131r.<\/p>\n<p>www. gamegineacademy.com \u00e7erezleri; g\u00fcnl\u00fck dosyalar\u0131, bo\u015f gif dosyalar\u0131 ve\/veya<a href=\"https:\/\/www.campusonline.com\/p\/www.campusonline.com\"><strong>\u00a0<\/strong><\/a>\u00fc\u00e7\u00fcnc\u00fc taraf<a href=\"https:\/\/www.campusonline.com\/p\/www.campusonline.com\"><strong>\u00a0<\/strong><\/a>kaynaklar\u0131 yoluyla toplad\u0131\u011f\u0131 bilgileri tercihlerinizle ilgili bir \u00f6zet olu\u015fturmak amac\u0131yla depolar.<\/p>\n<p>Oturum \u00e7erezleri (session cookies) ve kal\u0131c\u0131 \u00e7erezler (persistent cookies) olmak \u00fczere sitelerimiz genelinde iki t\u00fcr \u00e7erez kullanmaktay\u0131z. Oturum \u00e7erezleri ge\u00e7ici \u00e7erezler olup sadece taray\u0131c\u0131n\u0131z\u0131 kapat\u0131ncaya kadar ge\u00e7erlidirler. Kal\u0131c\u0131 \u00e7erezler siz silinceye veya s\u00fcreleri doluncaya (bu \u015fekilde \u00e7erezlerin cihaz\u0131nda ne kadar kalaca\u011f\u0131, \u00e7erezlerin &#8220;kullan\u0131m \u00f6m\u00fcrlerine&#8221; ba\u011fl\u0131 olacakt\u0131r) kadar sabit diskinizde kal\u0131rlar.<\/p>\n<p>www. gamegineacademy.com \u00e7erezleri; yapt\u0131\u011f\u0131n\u0131z tercihleri hat\u0131rlamak ve web sitesi\/mobil uygulama kullan\u0131m\u0131n\u0131z\u0131 ki\u015fiselle\u015ftirmek i\u00e7in kullan\u0131r. Bu kullan\u0131m parolan\u0131z\u0131 kaydeden ve web sitesi\/mobil uygulama oturumunuzun s\u00fcrekli a\u00e7\u0131k kalmas\u0131n\u0131 sa\u011flayan, b\u00f6ylece her ziyaretinizde birden fazla kez parola girme zahmetinden kurtaran \u00e7erezleri ve web sitesi\/mobil uygulamaya daha sonraki ziyaretlerinizde sizi hat\u0131rlayan ve tan\u0131yan \u00e7erezleri i\u00e7erir.<\/p>\n<p>www. gamegineacademy.com web sitesine nereden ba\u011fland\u0131\u011f\u0131n\u0131z, web sitesi\/mobil uygulama \u00fczerinde hangi i\u00e7eri\u011fi g\u00f6r\u00fcnt\u00fcledi\u011finiz ve ziyaretinizin s\u00fcresi gibi web sitesini\/mobil uygulamay\u0131 nas\u0131l kulland\u0131\u011f\u0131n\u0131z\u0131n \u00f6l\u00e7\u00fcmlenmesi dahil olmak \u00fczere web sitesini\/mobil uygulamay\u0131 nas\u0131l kulland\u0131\u011f\u0131n\u0131z\u0131 tespit etmek i\u00e7in kullan\u0131r.<\/p>\n<p>www. gamegineacademy.com web sitesi \u00e7erezleri ayr\u0131ca; arama motorlar\u0131n\u0131, web sitesi, mobil uygulamas\u0131n\u0131 ve\/veya web sitesinin reklam verdi\u011fi internet sitelerini ziyaret etti\u011finizde ilginizi \u00e7ekebilece\u011fini d\u00fc\u015f\u00fcnd\u00fc\u011f\u00fc reklamlar\u0131 size sunabilmek i\u00e7in \u201creklam teknolojisini\u201d devreye sokmak amac\u0131yla kullanabilir. Reklam teknolojisi, size \u00f6zel reklamlar sunabilmek i\u00e7in web sitesine\/mobil uygulamaya ve web sitesinin reklam verdi\u011fi web sitelerine\/mobil uygulamalar\u0131na yapt\u0131\u011f\u0131n\u0131z \u00f6nceki ziyaretlerle ilgili bilgileri kullan\u0131r. Bu reklamlar\u0131 sunarken, web sitesinin sizi tan\u0131yabilmesi amac\u0131yla taray\u0131c\u0131n\u0131za benzersiz bir \u00fc\u00e7\u00fcnc\u00fc taraf \u00e7erezi yerle\u015ftirilebilir. Hizmet Veren ayr\u0131ca Google Inc. taraf\u0131ndan sa\u011flanan bir web analizi hizmeti olan Google Analytics kullanmaktad\u0131r. Google Analytics, \u00e7erezleri kullan\u0131c\u0131lar\u0131n web sitesini, mobil uygulamay\u0131 ve\/veya mobil sitesini nas\u0131l kulland\u0131klar\u0131n\u0131 istatistiki bilgiler\/raporlar ile analiz etmek amac\u0131yla kullan\u0131r. Google Analytics kullan\u0131m\u0131 hakk\u0131nda daha fazla bilgi i\u00e7in (reddetme se\u00e7enekleri dahil), \u015fu adresi ziyaret edebilirsiniz: http:\/\/www.google.com\/intl\/tr\/policies\/privacy\/#infocollect<\/p>\n<p>Mobil uygulamalarda \u00e7erez yerine ilgili uygulaman\u0131n SDK&#8217;s\u0131 (Software Development Kit) kullan\u0131lmaktad\u0131r.<\/p>\n<p>A\u015fa\u011f\u0131daki y\u00f6ntemleri kullanarak \u00e7erezlere izin verme ve reddetme imk\u00e2n\u0131n\u0131 kullanabilirsiniz:<\/p>\n<p><strong>Google Chrome :<\/strong>\u00a0Taray\u0131c\u0131n\u0131z\u0131n adres b\u00f6l\u00fcm\u00fcnde yer alan, &#8220;kilit i\u015fareti&#8221;ni t\u0131klayarak, &#8220;\u00c7erezler\u201d sekmesinden \u00e7erezlere izin verebilir veya engelleyebilirsiniz.<\/p>\n<p><strong>Internet Explorer :\u00a0<\/strong>Taray\u0131c\u0131n\u0131z\u0131n sa\u011f \u00fcst b\u00f6l\u00fcm\u00fcnde yer alan \u201cAra\u00e7lar\u201d b\u00f6l\u00fcm\u00fcnden g\u00fcvenlik sekmesini t\u0131klayarak \u201cizin ver\u201d veya \u201cizin verme\u201d \u015feklinde \u00e7erezleri y\u00f6netebilirsiniz.<\/p>\n<p><strong>Mozilla Firefox : \u00a0<\/strong>Taray\u0131c\u0131n\u0131z\u0131n sa\u011f \u00fcst k\u00f6\u015fesinde yer alan \u201cmen\u00fcy\u00fc a\u00e7\u201d sekmesini t\u0131klay\u0131n\u0131z. \u201cSe\u00e7enekler\u201d g\u00f6rselini t\u0131klayarak \u201cGizlilik ve G\u00fcvenlik\u201d butonunu kullanarak \u00e7erezleri y\u00f6netebilirsiniz.<\/p>\n<p><strong>Opera :\u00a0<\/strong>Taray\u0131c\u0131n\u0131z\u0131n \u201cTercihler\u201d b\u00f6l\u00fcm\u00fcnde \u201cGeli\u015fmi\u015f\u201di se\u00e7erek \u201c\u00c7erezler\u201d b\u00f6l\u00fcm\u00fcnden \u00e7erez y\u00f6netimini yapabilirsiniz.<\/p>\n<p><strong>Safari :\u00a0<\/strong>Telefonunuzun \u201cAyarlar\u201d b\u00f6l\u00fcm\u00fcnden \u201csafari\u201d sekmesini se\u00e7ip, \u201cGizlilik ve G\u00fcvenlik\u201d B\u00f6l\u00fcm\u00fcnden t\u00fcm \u00e7erez y\u00f6netiminizi yapabilirsiniz.<\/p>\n<p>Yukar\u0131daki se\u00e7eneklerin yan\u0131 s\u0131ra; t\u00fcm \u00e7erezler hakk\u0131nda bilgi sahibi olmak ve \u00e7erez y\u00f6netimi i\u00e7in: https:\/\/www.allaboutcookies.org, https:\/\/www.youronlinechoices.eu\/ adresini ziyaret edebilirsiniz, veya &#8220;Privacy Badger&#8221; uygulamas\u0131n\u0131 kullanabilirsiniz (https:\/\/www.eff.org\/tr\/privacybadger). Kal\u0131c\u0131 \u00e7erezleri veya oturum \u00e7erezlerini reddederseniz, web sitesini, mobil uygulamay\u0131 ve mobil sitesini kullanmaya devam edebilirsiniz fakat web sitesinin, mobil uygulaman\u0131n ve mobil sitesinin t\u00fcm i\u015flevlerine eri\u015femeyebilirsiniz veya eri\u015fiminiz s\u0131n\u0131rl\u0131 olabilir.<\/p>\n<p>&nbsp;<\/p>\n<p>&nbsp;<\/p>","protected":false},"excerpt":{"rendered":"<p>\u00c7erez Kullan\u0131m\u0131 \u2060\u2060\u2060\u2060\u2060\u2060\u2060www. gamegineacademy.com Hizmet Veren\u2019e ait olan www. gamegineacademy.com web sitesi \u00e7erez (cookie) kullanan bir sitedir. \u00c7erez; kullan\u0131lmakta olan cihaz\u0131n internet taray\u0131c\u0131s\u0131na ya da sabit diskine depolanarak s\u00f6z konusu cihaz\u0131n tespit edilmesine olanak tan\u0131yan, \u00e7o\u011funlukla harf ve say\u0131lardan olu\u015fan bir dosyad\u0131r. www. gamegineacademy.com \u00e7erezleri; g\u00fcnl\u00fck dosyalar\u0131, bo\u015f gif dosyalar\u0131 ve\/veya\u00a0\u00fc\u00e7\u00fcnc\u00fc taraf\u00a0kaynaklar\u0131 yoluyla toplad\u0131\u011f\u0131 bilgileri [&#8230;]","protected":false},"author":2,"featured_media":0,"parent":0,"menu_order":0,"comment_status":"closed","ping_status":"closed","template":"","meta":{"footnotes":""},"class_list":["post-457","page","type-page","status-publish","hentry"],"yoast_head":"<!-- This site is optimized with the Yoast SEO plugin v24.7 - https:\/\/yoast.com\/wordpress\/plugins\/seo\/ -->\n<title>\u00c7erez Kullan\u0131m\u0131 - gamegine academy<\/title>\n<meta name=\"robots\" content=\"index, follow, max-snippet:-1, max-image-preview:large, max-video-preview:-1\" \/>\n<link rel=\"canonical\" href=\"https:\/\/gamegineacademy.com\/en\/cerez-kullanimi\/\" \/>\n<meta property=\"og:locale\" content=\"en_US\" \/>\n<meta property=\"og:type\" content=\"article\" \/>\n<meta property=\"og:title\" content=\"\u00c7erez Kullan\u0131m\u0131 - gamegine academy\" \/>\n<meta property=\"og:description\" content=\"\u00c7erez Kullan\u0131m\u0131 \u2060\u2060\u2060\u2060\u2060\u2060\u2060www. gamegineacademy.com Hizmet Veren\u2019e ait olan www. gamegineacademy.com web sitesi \u00e7erez (cookie) kullanan bir sitedir. \u00c7erez; kullan\u0131lmakta olan cihaz\u0131n internet taray\u0131c\u0131s\u0131na ya da sabit diskine depolanarak s\u00f6z konusu cihaz\u0131n tespit edilmesine olanak tan\u0131yan, \u00e7o\u011funlukla harf ve say\u0131lardan olu\u015fan bir dosyad\u0131r. www. gamegineacademy.com \u00e7erezleri; g\u00fcnl\u00fck dosyalar\u0131, bo\u015f gif dosyalar\u0131 ve\/veya\u00a0\u00fc\u00e7\u00fcnc\u00fc taraf\u00a0kaynaklar\u0131 yoluyla toplad\u0131\u011f\u0131 bilgileri [...]\" \/>\n<meta property=\"og:url\" content=\"https:\/\/gamegineacademy.com\/en\/cerez-kullanimi\/\" \/>\n<meta property=\"og:site_name\" content=\"gamegine academy\" \/>\n<meta name=\"twitter:card\" content=\"summary_large_image\" \/>\n<meta name=\"twitter:label1\" content=\"Est. reading time\" \/>\n\t<meta name=\"twitter:data1\" content=\"4 minutes\" \/>\n<script type=\"application\/ld+json\" class=\"yoast-schema-graph\">{\"@context\":\"https:\/\/schema.org\",\"@graph\":[{\"@type\":\"WebPage\",\"@id\":\"https:\/\/gamegineacademy.com\/cerez-kullanimi\/\",\"url\":\"https:\/\/gamegineacademy.com\/cerez-kullanimi\/\",\"name\":\"\u00c7erez Kullan\u0131m\u0131 - gamegine academy\",\"isPartOf\":{\"@id\":\"https:\/\/gamegineacademy.com\/#website\"},\"datePublished\":\"2024-11-09T15:09:40+00:00\",\"breadcrumb\":{\"@id\":\"https:\/\/gamegineacademy.com\/cerez-kullanimi\/#breadcrumb\"},\"inLanguage\":\"en-US\",\"potentialAction\":[{\"@type\":\"ReadAction\",\"target\":[\"https:\/\/gamegineacademy.com\/cerez-kullanimi\/\"]}]},{\"@type\":\"BreadcrumbList\",\"@id\":\"https:\/\/gamegineacademy.com\/cerez-kullanimi\/#breadcrumb\",\"itemListElement\":[{\"@type\":\"ListItem\",\"position\":1,\"name\":\"Anasayfa\",\"item\":\"https:\/\/gamegineacademy.com\/\"},{\"@type\":\"ListItem\",\"position\":2,\"name\":\"\u00c7erez Kullan\u0131m\u0131\"}]},{\"@type\":\"WebSite\",\"@id\":\"https:\/\/gamegineacademy.com\/#website\",\"url\":\"https:\/\/gamegineacademy.com\/\",\"name\":\"gamegine academy\",\"description\":\"gamedev by gamedevs\",\"potentialAction\":[{\"@type\":\"SearchAction\",\"target\":{\"@type\":\"EntryPoint\",\"urlTemplate\":\"https:\/\/gamegineacademy.com\/?s={search_term_string}\"},\"query-input\":{\"@type\":\"PropertyValueSpecification\",\"valueRequired\":true,\"valueName\":\"search_term_string\"}}],\"inLanguage\":\"en-US\"}]}<\/script>\n<!-- \/ Yoast SEO plugin. -->","yoast_head_json":{"title":"\u00c7erez Kullan\u0131m\u0131 - gamegine academy","robots":{"index":"index","follow":"follow","max-snippet":"max-snippet:-1","max-image-preview":"max-image-preview:large","max-video-preview":"max-video-preview:-1"},"canonical":"https:\/\/gamegineacademy.com\/en\/cerez-kullanimi\/","og_locale":"en_US","og_type":"article","og_title":"\u00c7erez Kullan\u0131m\u0131 - gamegine academy","og_description":"\u00c7erez Kullan\u0131m\u0131 \u2060\u2060\u2060\u2060\u2060\u2060\u2060www. gamegineacademy.com Hizmet Veren\u2019e ait olan www. gamegineacademy.com web sitesi \u00e7erez (cookie) kullanan bir sitedir. \u00c7erez; kullan\u0131lmakta olan cihaz\u0131n internet taray\u0131c\u0131s\u0131na ya da sabit diskine depolanarak s\u00f6z konusu cihaz\u0131n tespit edilmesine olanak tan\u0131yan, \u00e7o\u011funlukla harf ve say\u0131lardan olu\u015fan bir dosyad\u0131r. www. gamegineacademy.com \u00e7erezleri; g\u00fcnl\u00fck dosyalar\u0131, bo\u015f gif dosyalar\u0131 ve\/veya\u00a0\u00fc\u00e7\u00fcnc\u00fc taraf\u00a0kaynaklar\u0131 yoluyla toplad\u0131\u011f\u0131 bilgileri [...]","og_url":"https:\/\/gamegineacademy.com\/en\/cerez-kullanimi\/","og_site_name":"gamegine academy","twitter_card":"summary_large_image","twitter_misc":{"Est. reading time":"4 minutes"},"schema":{"@context":"https:\/\/schema.org","@graph":[{"@type":"WebPage","@id":"https:\/\/gamegineacademy.com\/cerez-kullanimi\/","url":"https:\/\/gamegineacademy.com\/cerez-kullanimi\/","name":"\u00c7erez Kullan\u0131m\u0131 - gamegine academy","isPartOf":{"@id":"https:\/\/gamegineacademy.com\/#website"},"datePublished":"2024-11-09T15:09:40+00:00","breadcrumb":{"@id":"https:\/\/gamegineacademy.com\/cerez-kullanimi\/#breadcrumb"},"inLanguage":"en-US","potentialAction":[{"@type":"ReadAction","target":["https:\/\/gamegineacademy.com\/cerez-kullanimi\/"]}]},{"@type":"BreadcrumbList","@id":"https:\/\/gamegineacademy.com\/cerez-kullanimi\/#breadcrumb","itemListElement":[{"@type":"ListItem","position":1,"name":"Anasayfa","item":"https:\/\/gamegineacademy.com\/"},{"@type":"ListItem","position":2,"name":"\u00c7erez Kullan\u0131m\u0131"}]},{"@type":"WebSite","@id":"https:\/\/gamegineacademy.com\/#website","url":"https:\/\/gamegineacademy.com\/","name":"gamegine academy","description":"gamedev by gamedevs","potentialAction":[{"@type":"SearchAction","target":{"@type":"EntryPoint","urlTemplate":"https:\/\/gamegineacademy.com\/?s={search_term_string}"},"query-input":{"@type":"PropertyValueSpecification","valueRequired":true,"valueName":"search_term_string"}}],"inLanguage":"en-US"}]}},"_links":{"self":[{"href":"https:\/\/gamegineacademy.com\/en\/wp-json\/wp\/v2\/pages\/457","targetHints":{"allow":["GET"]}}],"collection":[{"href":"https:\/\/gamegineacademy.com\/en\/wp-json\/wp\/v2\/pages"}],"about":[{"href":"https:\/\/gamegineacademy.com\/en\/wp-json\/wp\/v2\/types\/page"}],"author":[{"embeddable":true,"href":"https:\/\/gamegineacademy.com\/en\/wp-json\/wp\/v2\/users\/2"}],"replies":[{"embeddable":true,"href":"https:\/\/gamegineacademy.com\/en\/wp-json\/wp\/v2\/comments?post=457"}],"version-history":[{"count":1,"href":"https:\/\/gamegineacademy.com\/en\/wp-json\/wp\/v2\/pages\/457\/revisions"}],"predecessor-version":[{"id":458,"href":"https:\/\/gamegineacademy.com\/en\/wp-json\/wp\/v2\/pages\/457\/revisions\/458"}],"wp:attachment":[{"href":"https:\/\/gamegineacademy.com\/en\/wp-json\/wp\/v2\/media?parent=457"}],"curies":[{"name":"wp","href":"https:\/\/api.w.org\/{rel}","templated":true}]}}