{"id":8,"date":"2024-11-07T07:27:45","date_gmt":"2024-11-07T07:27:45","guid":{"rendered":"https:\/\/gamegineacademy.com\/sepet\/"},"modified":"2024-11-07T07:29:10","modified_gmt":"2024-11-07T07:29:10","slug":"sepet","status":"publish","type":"page","link":"https:\/\/gamegineacademy.com\/en\/sepet\/","title":{"rendered":"Sepet"},"content":{"rendered":"<div data-block-name=\"woocommerce\/cart\" class=\"wp-block-woocommerce-cart alignwide is-loading\"><div data-block-name=\"woocommerce\/filled-cart-block\" class=\"wp-block-woocommerce-filled-cart-block\"><div data-block-name=\"woocommerce\/cart-items-block\" class=\"wp-block-woocommerce-cart-items-block\"><div data-block-name=\"woocommerce\/cart-line-items-block\" class=\"wp-block-woocommerce-cart-line-items-block\"><\/div>\n\n<div data-block-name=\"woocommerce\/cart-cross-sells-block\" class=\"wp-block-woocommerce-cart-cross-sells-block\"><h2 class=\"wp-block-heading has-large-font-size\">\u0130lginizi \u00e7ekebilir\u2026<\/h2>\n\n<div data-block-name=\"woocommerce\/cart-cross-sells-products-block\" class=\"wp-block-woocommerce-cart-cross-sells-products-block\"><\/div><\/div><\/div>\n\n<div data-block-name=\"woocommerce\/cart-totals-block\" class=\"wp-block-woocommerce-cart-totals-block\"><div data-block-name=\"woocommerce\/cart-order-summary-block\" class=\"wp-block-woocommerce-cart-order-summary-block\"><div data-block-name=\"woocommerce\/cart-order-summary-heading-block\" class=\"wp-block-woocommerce-cart-order-summary-heading-block\"><\/div><div data-block-name=\"woocommerce\/cart-order-summary-coupon-form-block\" class=\"wp-block-woocommerce-cart-order-summary-coupon-form-block\"><\/div><div data-block-name=\"woocommerce\/cart-order-summary-totals-block\" class=\"wp-block-woocommerce-cart-order-summary-totals-block\">\n<div data-block-name=\"woocommerce\/cart-order-summary-subtotal-block\" class=\"wp-block-woocommerce-cart-order-summary-subtotal-block\"><\/div>\n<div data-block-name=\"woocommerce\/cart-order-summary-discount-block\" class=\"wp-block-woocommerce-cart-order-summary-discount-block\"><\/div>\n<div data-block-name=\"woocommerce\/cart-order-summary-fee-block\" class=\"wp-block-woocommerce-cart-order-summary-fee-block\"><\/div>\n<div data-block-name=\"woocommerce\/cart-order-summary-shipping-block\" class=\"wp-block-woocommerce-cart-order-summary-shipping-block\"><\/div>\n<div data-block-name=\"woocommerce\/cart-order-summary-taxes-block\" class=\"wp-block-woocommerce-cart-order-summary-taxes-block\"><\/div><\/div><\/div>\n\n<div data-block-name=\"woocommerce\/cart-express-payment-block\" class=\"wp-block-woocommerce-cart-express-payment-block\"><\/div>\n\n<div data-block-name=\"woocommerce\/proceed-to-checkout-block\" class=\"wp-block-woocommerce-proceed-to-checkout-block\"><\/div>\n\n<div data-block-name=\"woocommerce\/cart-accepted-payment-methods-block\" class=\"wp-block-woocommerce-cart-accepted-payment-methods-block\"><\/div><\/div><\/div>\n\n<div data-block-name=\"woocommerce\/empty-cart-block\" class=\"wp-block-woocommerce-empty-cart-block\"><h2 class=\"wp-block-heading has-text-align-center with-empty-cart-icon wc-block-cart__empty-cart__title\">Sepetiniz \u015fu anda bo\u015f!<\/h2>\n\n<hr class=\"wp-block-separator has-alpha-channel-opacity is-style-dots\"\/>\n\n<h2 class=\"wp-block-heading has-text-align-center\">Ma\u011fazada yeni<\/h2>\n\n<div data-block-name=\"woocommerce\/product-new\" data-columns=\"4\" data-rows=\"1\" class=\"wc-block-grid wp-block-product-new wp-block-woocommerce-product-new wc-block-product-new has-4-columns\"><ul class=\"wc-block-grid__products\"><li class=\"wc-block-grid__product add-to-wishlist-after_add_to_cart\"><a href=\"https:\/\/gamegineacademy.com\/en\/egitimler\/cocuk-ve-gencler-icin-oyun-gelistirme-egitimi\/\" class=\"wc-block-grid__product-link\">\n\t\t\t\t\t\n\t\t\t\t\t<div class=\"wc-block-grid__product-image\"><img loading=\"lazy\" decoding=\"async\" width=\"247\" height=\"146\" src=\"https:\/\/gamegineacademy.com\/wp-content\/uploads\/2025\/02\/academy-image-247x146.png\" class=\"attachment-woocommerce_thumbnail size-woocommerce_thumbnail\" alt=\"9# \u00c7ocuk ve Gen\u00e7ler \u0130\u00e7in Oyun Geli\u015ftirme E\u011fitimi\" srcset=\"https:\/\/gamegineacademy.com\/wp-content\/uploads\/2025\/02\/academy-image-247x146.png 247w, https:\/\/gamegineacademy.com\/wp-content\/uploads\/2025\/02\/academy-image-679x400.png 679w, https:\/\/gamegineacademy.com\/wp-content\/uploads\/2025\/02\/academy-image-18x12.png 18w, https:\/\/gamegineacademy.com\/wp-content\/uploads\/2025\/02\/academy-image-510x301.png 510w, https:\/\/gamegineacademy.com\/wp-content\/uploads\/2025\/02\/academy-image.png 750w\" sizes=\"auto, (max-width: 247px) 100vw, 247px\" \/><\/div>\n\t\t\t\t\t<div class=\"wc-block-grid__product-title\">9# Game Development Training for Children and Youth<\/div>\n\t\t\t\t<\/a>\n\t\t\t\t<div class=\"wc-block-grid__product-price price\"><span class=\"woocommerce-Price-amount amount\"><span class=\"woocommerce-Price-currencySymbol\">&#8378;<\/span>2.399,00<\/span><\/div>\n\t\t\t\t\n\t\t\t\t<div class=\"wp-block-button wc-block-grid__product-add-to-cart\"><a href=\"?add-to-cart=639\" aria-label=\"Add to cart: \u201c9# \u00c7ocuk ve Gen\u00e7ler \u0130\u00e7in Oyun Geli\u015ftirme E\u011fitimi\u201d\" data-quantity=\"1\" data-product_id=\"639\" data-product_sku=\"UEKIDS\" data-price=\"2399\" rel=\"nofollow\" class=\"wp-block-button__link  add_to_cart_button ajax_add_to_cart\" data-no-translation=\"\" data-trp-gettext=\"\" data-no-translation-aria-label=\"\">Sepete Ekle<\/a><\/div>\n\t\t\t\n<div\n\tclass=\"yith-wcwl-add-to-wishlist add-to-wishlist-639 yith-wcwl-add-to-wishlist--button_default-style wishlist-fragment on-first-load\"\n\tdata-fragment-ref=\"639\"\n\tdata-fragment-options=\"{&quot;base_url&quot;:&quot;&quot;,&quot;product_id&quot;:639,&quot;parent_product_id&quot;:0,&quot;product_type&quot;:&quot;simple&quot;,&quot;is_single&quot;:false,&quot;in_default_wishlist&quot;:false,&quot;show_view&quot;:false,&quot;browse_wishlist_text&quot;:&quot;\\u0130stek listesini g\\u00f6r\\u00fcnt\\u00fcle&quot;,&quot;already_in_wishslist_text&quot;:&quot;\\u00dcr\\u00fcn zaten istek listenizde.&quot;,&quot;product_added_text&quot;:&quot;\\u00dcr\\u00fcn eklendi!&quot;,&quot;available_multi_wishlist&quot;:false,&quot;disable_wishlist&quot;:false,&quot;show_count&quot;:false,&quot;ajax_loading&quot;:false,&quot;loop_position&quot;:&quot;after_add_to_cart&quot;,&quot;item&quot;:&quot;add_to_wishlist&quot;}\"\n>\n\t<\/div>\n<\/li><li class=\"wc-block-grid__product add-to-wishlist-after_add_to_cart\"><a href=\"https:\/\/gamegineacademy.com\/en\/egitimler\/unreal-engine-blueprint-c-online-kurs-paketi\/\" class=\"wc-block-grid__product-link\">\n\t\t\t\t\t<div class=\"wc-block-grid__product-onsale\">\n\t\t\t<span aria-hidden=\"true\" data-no-translation=\"\" data-trp-gettext=\"\">Sale<\/span>\n\t\t\t<span class=\"screen-reader-text\" data-no-translation=\"\" data-trp-gettext=\"\">Product on sale<\/span>\n\t\t<\/div>\n\t\t\t\t\t<div class=\"wc-block-grid__product-image\"><img loading=\"lazy\" decoding=\"async\" width=\"247\" height=\"145\" src=\"https:\/\/gamegineacademy.com\/wp-content\/uploads\/2024\/12\/003-pekt_egitim-247x145.png\" class=\"attachment-woocommerce_thumbnail size-woocommerce_thumbnail\" alt=\"3# Unreal Engine Blueprint &amp; C++ Online E\u011fitim Paketi \u2013 Oyun Geli\u015ftirme Becerilerinizi Birle\u015ftirin!\" srcset=\"https:\/\/gamegineacademy.com\/wp-content\/uploads\/2024\/12\/003-pekt_egitim-247x145.png 247w, https:\/\/gamegineacademy.com\/wp-content\/uploads\/2024\/12\/003-pekt_egitim-18x12.png 18w, https:\/\/gamegineacademy.com\/wp-content\/uploads\/2024\/12\/003-pekt_egitim.png 360w\" sizes=\"auto, (max-width: 247px) 100vw, 247px\" \/><\/div>\n\t\t\t\t\t<div class=\"wc-block-grid__product-title\">3# Unreal Engine Blueprint &amp; C++ Online E\u011fitim Paketi \u2013 Oyun Geli\u015ftirme Becerilerinizi Birle\u015ftirin!<\/div>\n\t\t\t\t<\/a>\n\t\t\t\t<div class=\"wc-block-grid__product-price price\"><del aria-hidden=\"true\"><span class=\"woocommerce-Price-amount amount\"><span class=\"woocommerce-Price-currencySymbol\">&#8378;<\/span>140.000,00<\/span><\/del> <span class=\"screen-reader-text\" data-no-translation=\"\" data-trp-gettext=\"\">Orijinal fiyat: &#8378;140.000,00.<\/span><ins aria-hidden=\"true\"><span class=\"woocommerce-Price-amount amount\"><span class=\"woocommerce-Price-currencySymbol\">&#8378;<\/span>98.000,00<\/span><\/ins><span class=\"screen-reader-text\" data-no-translation=\"\" data-trp-gettext=\"\">\u015eu andaki fiyat: &#8378;98.000,00.<\/span><\/div>\n\t\t\t\t\n\t\t\t\t<div class=\"wp-block-button wc-block-grid__product-add-to-cart\"><a href=\"?add-to-cart=586\" aria-label=\"Add to cart: \u201c3# Unreal Engine Blueprint &amp; C++ Online E\u011fitim Paketi \u2013 Oyun Geli\u015ftirme Becerilerinizi Birle\u015ftirin!\u201d\" data-quantity=\"1\" data-product_id=\"586\" data-product_sku=\"GDUEB101-1\" data-price=\"98000\" rel=\"nofollow\" class=\"wp-block-button__link  add_to_cart_button ajax_add_to_cart\" data-no-translation=\"\" data-trp-gettext=\"\" data-no-translation-aria-label=\"\">Sepete Ekle<\/a><\/div>\n\t\t\t\n<div\n\tclass=\"yith-wcwl-add-to-wishlist add-to-wishlist-586 yith-wcwl-add-to-wishlist--button_default-style wishlist-fragment on-first-load\"\n\tdata-fragment-ref=\"586\"\n\tdata-fragment-options=\"{&quot;base_url&quot;:&quot;&quot;,&quot;product_id&quot;:586,&quot;parent_product_id&quot;:0,&quot;product_type&quot;:&quot;simple&quot;,&quot;is_single&quot;:false,&quot;in_default_wishlist&quot;:false,&quot;show_view&quot;:false,&quot;browse_wishlist_text&quot;:&quot;\\u0130stek listesini g\\u00f6r\\u00fcnt\\u00fcle&quot;,&quot;already_in_wishslist_text&quot;:&quot;\\u00dcr\\u00fcn zaten istek listenizde.&quot;,&quot;product_added_text&quot;:&quot;\\u00dcr\\u00fcn eklendi!&quot;,&quot;available_multi_wishlist&quot;:false,&quot;disable_wishlist&quot;:false,&quot;show_count&quot;:false,&quot;ajax_loading&quot;:false,&quot;loop_position&quot;:&quot;after_add_to_cart&quot;,&quot;item&quot;:&quot;add_to_wishlist&quot;}\"\n>\n\t<\/div>\n<\/li><li class=\"wc-block-grid__product add-to-wishlist-after_add_to_cart\"><a href=\"https:\/\/gamegineacademy.com\/en\/egitimler\/unreal-engine-blueprint-game-design-egitim-paketi-online\/\" class=\"wc-block-grid__product-link\">\n\t\t\t\t\t<div class=\"wc-block-grid__product-onsale\">\n\t\t\t<span aria-hidden=\"true\" data-no-translation=\"\" data-trp-gettext=\"\">Sale<\/span>\n\t\t\t<span class=\"screen-reader-text\" data-no-translation=\"\" data-trp-gettext=\"\">Product on sale<\/span>\n\t\t<\/div>\n\t\t\t\t\t<div class=\"wc-block-grid__product-image\"><img loading=\"lazy\" decoding=\"async\" width=\"247\" height=\"145\" src=\"https:\/\/gamegineacademy.com\/wp-content\/uploads\/2024\/12\/008-Artboard-1-247x145.png\" class=\"attachment-woocommerce_thumbnail size-woocommerce_thumbnail\" alt=\"8# Unreal Engine Blueprint &amp; Game Design E\u011fitim Paketi - Online\" srcset=\"https:\/\/gamegineacademy.com\/wp-content\/uploads\/2024\/12\/008-Artboard-1-247x145.png 247w, https:\/\/gamegineacademy.com\/wp-content\/uploads\/2024\/12\/008-Artboard-1-18x12.png 18w, https:\/\/gamegineacademy.com\/wp-content\/uploads\/2024\/12\/008-Artboard-1.png 360w\" sizes=\"auto, (max-width: 247px) 100vw, 247px\" \/><\/div>\n\t\t\t\t\t<div class=\"wc-block-grid__product-title\">8# Unreal Engine Blueprint &amp; Game Design E\u011fitim Paketi &#8211; Online<\/div>\n\t\t\t\t<\/a>\n\t\t\t\t<div class=\"wc-block-grid__product-price price\"><del aria-hidden=\"true\"><span class=\"woocommerce-Price-amount amount\"><span class=\"woocommerce-Price-currencySymbol\">&#8378;<\/span>73.500,00<\/span><\/del> <span class=\"screen-reader-text\" data-no-translation=\"\" data-trp-gettext=\"\">Orijinal fiyat: &#8378;73.500,00.<\/span><ins aria-hidden=\"true\"><span class=\"woocommerce-Price-amount amount\"><span class=\"woocommerce-Price-currencySymbol\">&#8378;<\/span>51.450,00<\/span><\/ins><span class=\"screen-reader-text\" data-no-translation=\"\" data-trp-gettext=\"\">\u015eu andaki fiyat: &#8378;51.450,00.<\/span><\/div>\n\t\t\t\t\n\t\t\t\t<div class=\"wp-block-button wc-block-grid__product-add-to-cart\"><a href=\"?add-to-cart=537\" aria-label=\"Add to cart: \u201c8# Unreal Engine Blueprint &amp; Game Design E\u011fitim Paketi - Online\u201d\" data-quantity=\"1\" data-product_id=\"537\" data-product_sku=\"GDUEB101\" data-price=\"51450\" rel=\"nofollow\" class=\"wp-block-button__link  add_to_cart_button ajax_add_to_cart\" data-no-translation=\"\" data-trp-gettext=\"\" data-no-translation-aria-label=\"\">Sepete Ekle<\/a><\/div>\n\t\t\t\n<div\n\tclass=\"yith-wcwl-add-to-wishlist add-to-wishlist-537 yith-wcwl-add-to-wishlist--button_default-style wishlist-fragment on-first-load\"\n\tdata-fragment-ref=\"537\"\n\tdata-fragment-options=\"{&quot;base_url&quot;:&quot;&quot;,&quot;product_id&quot;:537,&quot;parent_product_id&quot;:0,&quot;product_type&quot;:&quot;simple&quot;,&quot;is_single&quot;:false,&quot;in_default_wishlist&quot;:false,&quot;show_view&quot;:false,&quot;browse_wishlist_text&quot;:&quot;\\u0130stek listesini g\\u00f6r\\u00fcnt\\u00fcle&quot;,&quot;already_in_wishslist_text&quot;:&quot;\\u00dcr\\u00fcn zaten istek listenizde.&quot;,&quot;product_added_text&quot;:&quot;\\u00dcr\\u00fcn eklendi!&quot;,&quot;available_multi_wishlist&quot;:false,&quot;disable_wishlist&quot;:false,&quot;show_count&quot;:false,&quot;ajax_loading&quot;:false,&quot;loop_position&quot;:&quot;after_add_to_cart&quot;,&quot;item&quot;:&quot;add_to_wishlist&quot;}\"\n>\n\t<\/div>\n<\/li><li class=\"wc-block-grid__product add-to-wishlist-after_add_to_cart\"><a href=\"https:\/\/gamegineacademy.com\/en\/egitimler\/ui-ux\/\" class=\"wc-block-grid__product-link\">\n\t\t\t\t\t<div class=\"wc-block-grid__product-onsale\">\n\t\t\t<span aria-hidden=\"true\" data-no-translation=\"\" data-trp-gettext=\"\">Sale<\/span>\n\t\t\t<span class=\"screen-reader-text\" data-no-translation=\"\" data-trp-gettext=\"\">Product on sale<\/span>\n\t\t<\/div>\n\t\t\t\t\t<div class=\"wc-block-grid__product-image\"><img loading=\"lazy\" decoding=\"async\" width=\"247\" height=\"145\" src=\"https:\/\/gamegineacademy.com\/wp-content\/uploads\/2024\/11\/006-ux_ui-247x145.png\" class=\"attachment-woocommerce_thumbnail size-woocommerce_thumbnail\" alt=\"6# UI\/UX Tasar\u0131m E\u011fitimi Online | Profesyonel Aray\u00fcz Tasar\u0131m\u0131 ve Prototipleme\" srcset=\"https:\/\/gamegineacademy.com\/wp-content\/uploads\/2024\/11\/006-ux_ui-247x145.png 247w, https:\/\/gamegineacademy.com\/wp-content\/uploads\/2024\/11\/006-ux_ui-18x12.png 18w, https:\/\/gamegineacademy.com\/wp-content\/uploads\/2024\/11\/006-ux_ui.png 360w\" sizes=\"auto, (max-width: 247px) 100vw, 247px\" \/><\/div>\n\t\t\t\t\t<div class=\"wc-block-grid__product-title\">6# UI\/UX Design Course Online | Professional Interface Design and Prototyping<\/div>\n\t\t\t\t<\/a>\n\t\t\t\t<div class=\"wc-block-grid__product-price price\"><del aria-hidden=\"true\"><span class=\"woocommerce-Price-amount amount\"><span class=\"woocommerce-Price-currencySymbol\">&#8378;<\/span>14.500,00<\/span><\/del> <span class=\"screen-reader-text\" data-no-translation=\"\" data-trp-gettext=\"\">Orijinal fiyat: &#8378;14.500,00.<\/span><ins aria-hidden=\"true\"><span class=\"woocommerce-Price-amount amount\"><span class=\"woocommerce-Price-currencySymbol\">&#8378;<\/span>10.150,00<\/span><\/ins><span class=\"screen-reader-text\" data-no-translation=\"\" data-trp-gettext=\"\">\u015eu andaki fiyat: &#8378;10.150,00.<\/span><\/div>\n\t\t\t\t\n\t\t\t\t<div class=\"wp-block-button wc-block-grid__product-add-to-cart\"><a href=\"?add-to-cart=414\" aria-label=\"Add to cart: \u201c6# UI\/UX Tasar\u0131m E\u011fitimi Online | Profesyonel Aray\u00fcz Tasar\u0131m\u0131 ve Prototipleme\u201d\" data-quantity=\"1\" data-product_id=\"414\" data-product_sku=\"UIUX101\" data-price=\"10150\" rel=\"nofollow\" class=\"wp-block-button__link  add_to_cart_button ajax_add_to_cart\" data-no-translation=\"\" data-trp-gettext=\"\" data-no-translation-aria-label=\"\">Sepete Ekle<\/a><\/div>\n\t\t\t\n<div\n\tclass=\"yith-wcwl-add-to-wishlist add-to-wishlist-414 yith-wcwl-add-to-wishlist--button_default-style wishlist-fragment on-first-load\"\n\tdata-fragment-ref=\"414\"\n\tdata-fragment-options=\"{&quot;base_url&quot;:&quot;&quot;,&quot;product_id&quot;:414,&quot;parent_product_id&quot;:0,&quot;product_type&quot;:&quot;simple&quot;,&quot;is_single&quot;:false,&quot;in_default_wishlist&quot;:false,&quot;show_view&quot;:false,&quot;browse_wishlist_text&quot;:&quot;\\u0130stek listesini g\\u00f6r\\u00fcnt\\u00fcle&quot;,&quot;already_in_wishslist_text&quot;:&quot;\\u00dcr\\u00fcn zaten istek listenizde.&quot;,&quot;product_added_text&quot;:&quot;\\u00dcr\\u00fcn eklendi!&quot;,&quot;available_multi_wishlist&quot;:false,&quot;disable_wishlist&quot;:false,&quot;show_count&quot;:false,&quot;ajax_loading&quot;:false,&quot;loop_position&quot;:&quot;after_add_to_cart&quot;,&quot;item&quot;:&quot;add_to_wishlist&quot;}\"\n>\n\t<\/div>\n<\/li><\/ul><\/div><\/div><\/div>","protected":false},"excerpt":{"rendered":"","protected":false},"author":1,"featured_media":0,"parent":0,"menu_order":0,"comment_status":"closed","ping_status":"closed","template":"","meta":{"footnotes":""},"class_list":["post-8","page","type-page","status-publish","hentry"],"yoast_head":"<!-- This site is optimized with the Yoast SEO plugin v24.7 - https:\/\/yoast.com\/wordpress\/plugins\/seo\/ -->\n<title>Sepet - gamegine academy<\/title>\n<meta name=\"robots\" content=\"index, follow, max-snippet:-1, max-image-preview:large, max-video-preview:-1\" \/>\n<link rel=\"canonical\" href=\"https:\/\/gamegineacademy.com\/en\/sepet\/\" \/>\n<meta property=\"og:locale\" content=\"en_US\" \/>\n<meta property=\"og:type\" content=\"article\" \/>\n<meta property=\"og:title\" content=\"Sepet - gamegine academy\" \/>\n<meta property=\"og:url\" content=\"https:\/\/gamegineacademy.com\/en\/sepet\/\" \/>\n<meta property=\"og:site_name\" content=\"gamegine academy\" \/>\n<meta property=\"article:modified_time\" content=\"2024-11-07T07:29:10+00:00\" \/>\n<meta name=\"twitter:card\" content=\"summary_large_image\" \/>\n<script type=\"application\/ld+json\" class=\"yoast-schema-graph\">{\"@context\":\"https:\/\/schema.org\",\"@graph\":[{\"@type\":\"WebPage\",\"@id\":\"https:\/\/gamegineacademy.com\/sepet\/\",\"url\":\"https:\/\/gamegineacademy.com\/sepet\/\",\"name\":\"Sepet - gamegine academy\",\"isPartOf\":{\"@id\":\"https:\/\/gamegineacademy.com\/#website\"},\"datePublished\":\"2024-11-07T07:27:45+00:00\",\"dateModified\":\"2024-11-07T07:29:10+00:00\",\"breadcrumb\":{\"@id\":\"https:\/\/gamegineacademy.com\/sepet\/#breadcrumb\"},\"inLanguage\":\"en-US\",\"potentialAction\":[{\"@type\":\"ReadAction\",\"target\":[\"https:\/\/gamegineacademy.com\/sepet\/\"]}]},{\"@type\":\"BreadcrumbList\",\"@id\":\"https:\/\/gamegineacademy.com\/sepet\/#breadcrumb\",\"itemListElement\":[{\"@type\":\"ListItem\",\"position\":1,\"name\":\"Anasayfa\",\"item\":\"https:\/\/gamegineacademy.com\/\"},{\"@type\":\"ListItem\",\"position\":2,\"name\":\"Sepet\"}]},{\"@type\":\"WebSite\",\"@id\":\"https:\/\/gamegineacademy.com\/#website\",\"url\":\"https:\/\/gamegineacademy.com\/\",\"name\":\"gamegine academy\",\"description\":\"gamedev by gamedevs\",\"potentialAction\":[{\"@type\":\"SearchAction\",\"target\":{\"@type\":\"EntryPoint\",\"urlTemplate\":\"https:\/\/gamegineacademy.com\/?s={search_term_string}\"},\"query-input\":{\"@type\":\"PropertyValueSpecification\",\"valueRequired\":true,\"valueName\":\"search_term_string\"}}],\"inLanguage\":\"en-US\"}]}<\/script>\n<!-- \/ Yoast SEO plugin. -->","yoast_head_json":{"title":"Sepet - gamegine academy","robots":{"index":"index","follow":"follow","max-snippet":"max-snippet:-1","max-image-preview":"max-image-preview:large","max-video-preview":"max-video-preview:-1"},"canonical":"https:\/\/gamegineacademy.com\/en\/sepet\/","og_locale":"en_US","og_type":"article","og_title":"Sepet - gamegine academy","og_url":"https:\/\/gamegineacademy.com\/en\/sepet\/","og_site_name":"gamegine academy","article_modified_time":"2024-11-07T07:29:10+00:00","twitter_card":"summary_large_image","schema":{"@context":"https:\/\/schema.org","@graph":[{"@type":"WebPage","@id":"https:\/\/gamegineacademy.com\/sepet\/","url":"https:\/\/gamegineacademy.com\/sepet\/","name":"Sepet - gamegine academy","isPartOf":{"@id":"https:\/\/gamegineacademy.com\/#website"},"datePublished":"2024-11-07T07:27:45+00:00","dateModified":"2024-11-07T07:29:10+00:00","breadcrumb":{"@id":"https:\/\/gamegineacademy.com\/sepet\/#breadcrumb"},"inLanguage":"en-US","potentialAction":[{"@type":"ReadAction","target":["https:\/\/gamegineacademy.com\/sepet\/"]}]},{"@type":"BreadcrumbList","@id":"https:\/\/gamegineacademy.com\/sepet\/#breadcrumb","itemListElement":[{"@type":"ListItem","position":1,"name":"Anasayfa","item":"https:\/\/gamegineacademy.com\/"},{"@type":"ListItem","position":2,"name":"Sepet"}]},{"@type":"WebSite","@id":"https:\/\/gamegineacademy.com\/#website","url":"https:\/\/gamegineacademy.com\/","name":"gamegine academy","description":"gamedev by gamedevs","potentialAction":[{"@type":"SearchAction","target":{"@type":"EntryPoint","urlTemplate":"https:\/\/gamegineacademy.com\/?s={search_term_string}"},"query-input":{"@type":"PropertyValueSpecification","valueRequired":true,"valueName":"search_term_string"}}],"inLanguage":"en-US"}]}},"_links":{"self":[{"href":"https:\/\/gamegineacademy.com\/en\/wp-json\/wp\/v2\/pages\/8","targetHints":{"allow":["GET"]}}],"collection":[{"href":"https:\/\/gamegineacademy.com\/en\/wp-json\/wp\/v2\/pages"}],"about":[{"href":"https:\/\/gamegineacademy.com\/en\/wp-json\/wp\/v2\/types\/page"}],"author":[{"embeddable":true,"href":"https:\/\/gamegineacademy.com\/en\/wp-json\/wp\/v2\/users\/1"}],"replies":[{"embeddable":true,"href":"https:\/\/gamegineacademy.com\/en\/wp-json\/wp\/v2\/comments?post=8"}],"version-history":[{"count":1,"href":"https:\/\/gamegineacademy.com\/en\/wp-json\/wp\/v2\/pages\/8\/revisions"}],"predecessor-version":[{"id":57,"href":"https:\/\/gamegineacademy.com\/en\/wp-json\/wp\/v2\/pages\/8\/revisions\/57"}],"wp:attachment":[{"href":"https:\/\/gamegineacademy.com\/en\/wp-json\/wp\/v2\/media?parent=8"}],"curies":[{"name":"wp","href":"https:\/\/api.w.org\/{rel}","templated":true}]}}